{"id":63,"date":"2023-08-09T00:07:08","date_gmt":"2023-08-09T00:07:08","guid":{"rendered":"https:\/\/e3.ar\/alzaga\/?page_id=63"},"modified":"2023-08-21T21:25:27","modified_gmt":"2023-08-21T21:25:27","slug":"relatos","status":"publish","type":"page","link":"https:\/\/e3.ar\/alzaga\/relatos\/","title":{"rendered":"Relatos"},"content":{"rendered":"\n<p>A continuaci\u00f3n se presentan fragmentos recuperados de los talleres y conversatorios que se analizan y citan en la tesis. <\/p>\n\n\n\n<figure class=\"wp-block-embed is-type-video is-provider-youtube wp-block-embed-youtube wp-embed-aspect-4-3 wp-has-aspect-ratio\"><div class=\"wp-block-embed__wrapper\">\n<iframe loading=\"lazy\" title=\"Brecha de acceso\" width=\"750\" height=\"422\" src=\"https:\/\/www.youtube.com\/embed\/1GayoivZws8?feature=oembed\" frameborder=\"0\" allow=\"accelerometer; autoplay; clipboard-write; encrypted-media; gyroscope; picture-in-picture; web-share\" allowfullscreen><\/iframe>\n<\/div><figcaption class=\"wp-element-caption\"><em>Cap\u00edtulo 4 &#8211; 2.2. Brecha de acceso: dispositivos tecnol\u00f3gicos y conexi\u00f3n a internet<\/em><\/figcaption><\/figure>\n\n\n\n<div style=\"height:41px\" aria-hidden=\"true\" class=\"wp-block-spacer\"><\/div>\n\n\n\n<figure class=\"wp-block-embed is-type-video is-provider-youtube wp-block-embed-youtube wp-embed-aspect-4-3 wp-has-aspect-ratio\"><div class=\"wp-block-embed__wrapper\">\n<iframe loading=\"lazy\" title=\"Brecha de uso\" width=\"750\" height=\"422\" src=\"https:\/\/www.youtube.com\/embed\/APc_4Oars5k?feature=oembed\" frameborder=\"0\" allow=\"accelerometer; autoplay; clipboard-write; encrypted-media; gyroscope; picture-in-picture; web-share\" allowfullscreen><\/iframe>\n<\/div><figcaption class=\"wp-element-caption\"><em>Cap\u00edtulo 4 &#8211; 2.3 Brecha de uso: aplicaciones y plataformas<\/em><\/figcaption><\/figure>\n\n\n\n<div style=\"height:40px\" aria-hidden=\"true\" class=\"wp-block-spacer\"><\/div>\n\n\n\n<figure class=\"wp-block-embed is-type-video is-provider-youtube wp-block-embed-youtube wp-embed-aspect-4-3 wp-has-aspect-ratio\"><div class=\"wp-block-embed__wrapper\">\n<iframe loading=\"lazy\" title=\"Precarizaci\u00f3n escolar y V\u00ednculo pedag\u00f3gico\" width=\"750\" height=\"563\" src=\"https:\/\/www.youtube.com\/embed\/xHsFMT4ed0A?feature=oembed\" frameborder=\"0\" allow=\"accelerometer; autoplay; clipboard-write; encrypted-media; gyroscope; picture-in-picture; web-share\" allowfullscreen><\/iframe>\n<\/div><figcaption class=\"wp-element-caption\"><em>Cap\u00edtulo 4 &#8211; 3. Precarizaci\u00f3n escolar &#8211; 4. V\u00ednculo pedag\u00f3gico<\/em><\/figcaption><\/figure>\n\n\n\n<div style=\"height:41px\" aria-hidden=\"true\" class=\"wp-block-spacer\"><\/div>\n\n\n\n<figure class=\"wp-block-embed is-type-video is-provider-youtube wp-block-embed-youtube wp-embed-aspect-16-9 wp-has-aspect-ratio\"><div class=\"wp-block-embed__wrapper\">\n<iframe loading=\"lazy\" title=\"Resumen de Conversatorios 2020 - La Escuela en Casa\" width=\"750\" height=\"422\" src=\"https:\/\/www.youtube.com\/embed\/d67gExRS2YQ?feature=oembed\" frameborder=\"0\" allow=\"accelerometer; autoplay; clipboard-write; encrypted-media; gyroscope; picture-in-picture; web-share\" allowfullscreen><\/iframe>\n<\/div><figcaption class=\"wp-element-caption\"><em>Resumen de los conversatorios con docentes y estudiantes<\/em><\/figcaption><\/figure>\n\n\n\n<p><\/p>\n","protected":false},"excerpt":{"rendered":"<p>A continuaci\u00f3n se presentan fragmentos recuperados de los talleres y conversatorios que se analizan y citan en la tesis.<\/p>\n","protected":false},"author":1,"featured_media":76,"parent":0,"menu_order":0,"comment_status":"closed","ping_status":"closed","template":"","meta":[],"_links":{"self":[{"href":"https:\/\/e3.ar\/alzaga\/wp-json\/wp\/v2\/pages\/63"}],"collection":[{"href":"https:\/\/e3.ar\/alzaga\/wp-json\/wp\/v2\/pages"}],"about":[{"href":"https:\/\/e3.ar\/alzaga\/wp-json\/wp\/v2\/types\/page"}],"author":[{"embeddable":true,"href":"https:\/\/e3.ar\/alzaga\/wp-json\/wp\/v2\/users\/1"}],"replies":[{"embeddable":true,"href":"https:\/\/e3.ar\/alzaga\/wp-json\/wp\/v2\/comments?post=63"}],"version-history":[{"count":5,"href":"https:\/\/e3.ar\/alzaga\/wp-json\/wp\/v2\/pages\/63\/revisions"}],"predecessor-version":[{"id":199,"href":"https:\/\/e3.ar\/alzaga\/wp-json\/wp\/v2\/pages\/63\/revisions\/199"}],"wp:featuredmedia":[{"embeddable":true,"href":"https:\/\/e3.ar\/alzaga\/wp-json\/wp\/v2\/media\/76"}],"wp:attachment":[{"href":"https:\/\/e3.ar\/alzaga\/wp-json\/wp\/v2\/media?parent=63"}],"curies":[{"name":"wp","href":"https:\/\/api.w.org\/{rel}","templated":true}]}}