{"id":65,"date":"2023-08-09T00:08:42","date_gmt":"2023-08-09T00:08:42","guid":{"rendered":"https:\/\/e3.ar\/alzaga\/?page_id=65"},"modified":"2023-11-16T20:36:07","modified_gmt":"2023-11-16T20:36:07","slug":"recursos","status":"publish","type":"page","link":"https:\/\/e3.ar\/alzaga\/recursos\/","title":{"rendered":"Recursos"},"content":{"rendered":"\n<p>Los recursos de este apartado corresponden a las encuestas realizadas. Por un lado se presentan los datos y respuestas analizados en la tesis en formato de gr\u00e1fico y tablas, enumeradas como en el texto. Luego, los formularios de encuestas realizadas a Estudiantes y Docentes, seguido por el flyer de invitaci\u00f3n al taller y las im\u00e1genes de Slido que agrupan las nubes de palabras realizadas en los conversatorios. <\/p>\n\n\n\n<div style=\"height:36px\" aria-hidden=\"true\" class=\"wp-block-spacer\"><\/div>\n\n\n\n<figure class=\"wp-block-image size-full\"><img decoding=\"async\" loading=\"lazy\" width=\"1024\" height=\"768\" src=\"https:\/\/e3.ar\/alzaga\/wp-content\/uploads\/2023\/08\/Datos-Tesis.png\" alt=\"\" class=\"wp-image-181\" srcset=\"https:\/\/e3.ar\/alzaga\/wp-content\/uploads\/2023\/08\/Datos-Tesis.png 1024w, https:\/\/e3.ar\/alzaga\/wp-content\/uploads\/2023\/08\/Datos-Tesis-300x225.png 300w, https:\/\/e3.ar\/alzaga\/wp-content\/uploads\/2023\/08\/Datos-Tesis-768x576.png 768w\" sizes=\"(max-width: 1024px) 100vw, 1024px\" \/><\/figure>\n\n\n\n<p><em><strong>Datos de estudiantes por curso<\/strong><\/em><\/p>\n\n\n\n<figure class=\"wp-block-table is-style-stripes\"><table><tbody><tr><td class=\"has-text-align-center\" data-align=\"center\"><strong>Curso\/A\u00f1o<\/strong><\/td><td class=\"has-text-align-center\" data-align=\"center\"><strong>Porcentaje<\/strong><\/td><\/tr><tr><td class=\"has-text-align-center\" data-align=\"center\">1\u00b0<br>2\u00b0<br>3\u00b0<br>4\u00b0<br>5\u00b0<\/td><td class=\"has-text-align-center\" data-align=\"center\"><em>20,5%<br>31,9%<br>13,3%<br>10,2%<br>24,1%<\/em><\/td><\/tr><\/tbody><\/table><\/figure>\n\n\n\n<p><em><strong>Tabla 1: Pregunta 1: \u00bfCon qu\u00e9 herramientas tecnol\u00f3gicas cont\u00e1s para estudiar? &#8211; Estudiantes<\/strong><\/em><\/p>\n\n\n\n<figure class=\"wp-block-table is-style-stripes\"><table><tbody><tr><td class=\"has-text-align-center\" data-align=\"center\"><strong>Herramientas<\/strong><\/td><td><strong>Porcentaje<\/strong><\/td><\/tr><tr><td class=\"has-text-align-center\" data-align=\"center\">Celular propio<br>Celular compartido<br>Computadora propia<br>Computadora compartida<br>Internet Wifi<br>Internet por datos m\u00f3viles<\/td><td>67,8 %<br>18,7 %<br>27 %<br>23,4 %<br>49,7 %<br>16,4 %<\/td><\/tr><\/tbody><\/table><\/figure>\n\n\n\n<div class=\"wp-block-group is-layout-constrained\"><div class=\"wp-block-group__inner-container\">\n<p><em><em><strong>Tabla 2: Datos desglosados de la pregunta N\u00b01 &#8211; Estudiantes<\/strong><\/em><\/em><\/p>\n\n\n\n<figure class=\"wp-block-table is-style-stripes\"><table><tbody><tr><td class=\"has-text-align-center\" data-align=\"center\"><strong>Dispositivos<\/strong><\/td><td class=\"has-text-align-center\" data-align=\"center\"><strong>Porcentaje<\/strong><\/td><\/tr><tr><td class=\"has-text-align-center\" data-align=\"center\">Propios<br>Compartidos exclusivamente<\/td><td class=\"has-text-align-center\" data-align=\"center\">77,2%<br>22,8 %<\/td><\/tr><tr><td class=\"has-text-align-center\" data-align=\"center\"><strong>Dispositivos propios<\/strong><\/td><td class=\"has-text-align-center\" data-align=\"center\"><strong>Porcentaje<\/strong><\/td><\/tr><tr><td class=\"has-text-align-center\" data-align=\"center\">Celular propio<br>Computadora propia<\/td><td class=\"has-text-align-center\" data-align=\"center\">91,3 %<br>8,7 %<\/td><\/tr><tr><td class=\"has-text-align-center\" data-align=\"center\"><strong>Conexi\u00f3n<\/strong><\/td><td class=\"has-text-align-center\" data-align=\"center\"><strong>Porcentaje<\/strong><\/td><\/tr><tr><td class=\"has-text-align-center\" data-align=\"center\">Internet Wi-Fi<br>Internet por datos m\u00f3viles<br>No tengo Internet<br>NS\/NC<\/td><td class=\"has-text-align-center\" data-align=\"center\">52%<br>12,3%<br>0,6%<br>35,1%<\/td><\/tr><\/tbody><\/table><\/figure>\n<\/div><\/div>\n\n\n\n<div class=\"wp-block-group is-layout-constrained\"><div class=\"wp-block-group__inner-container\">\n<p><em><em><strong><em>Tabla 3: Pregunta 1: \u00bfCon qu\u00e9 herramientas tecnol\u00f3gicas cont\u00e1s para dar tus clases? &#8211; Docentes<\/em> <\/strong><\/em><\/em><\/p>\n\n\n\n<figure class=\"wp-block-table is-style-stripes\"><table><tbody><tr><td class=\"has-text-align-center\" data-align=\"center\"><strong>Dispositivos<\/strong><\/td><td class=\"has-text-align-center\" data-align=\"center\"><strong>Porcentaje<\/strong><\/td><\/tr><tr><td class=\"has-text-align-center\" data-align=\"center\">Propios<br>Compartidos exclusivamente<\/td><td class=\"has-text-align-center\" data-align=\"center\">80,8 %<br>19,2 %<\/td><\/tr><tr><td class=\"has-text-align-center\" data-align=\"center\"><strong>Conexi\u00f3n<\/strong><\/td><td class=\"has-text-align-center\" data-align=\"center\"><strong>Porcentaje<\/strong><\/td><\/tr><tr><td class=\"has-text-align-center\" data-align=\"center\">Internet Wi-Fi<br>Internet por datos m\u00f3viles<br><\/td><td class=\"has-text-align-center\" data-align=\"center\">92,3 %<br>7,7 %<\/td><\/tr><\/tbody><\/table><\/figure>\n<\/div><\/div>\n\n\n\n<div class=\"wp-block-group is-layout-constrained\"><div class=\"wp-block-group__inner-container\">\n<p><em><em><em><em><strong>Tabla 4: Pregunta 4: \u00bfTen\u00e9s dificultades para acceder a las clases o actividades de la escuela? &#8211; Estudiantes<\/strong><\/em><\/em><\/em><\/em><\/p>\n\n\n\n<figure class=\"wp-block-table is-style-stripes\"><table><tbody><tr><td class=\"has-text-align-center\" data-align=\"center\"><strong>Dificultades<\/strong><\/td><td class=\"has-text-align-center\" data-align=\"center\"><strong>Porcentaje<\/strong><\/td><\/tr><tr><td class=\"has-text-align-center\" data-align=\"center\">Nula o mala conectividad<br>Solo uso celular<br>Comparto o no tengo computadora<br>No tengo dificultades<\/td><td class=\"has-text-align-center\" data-align=\"center\">38,50&nbsp;%<br>28,90&nbsp;%<br>27&nbsp;%<br>36,10&nbsp;%<\/td><\/tr><\/tbody><\/table><\/figure>\n<\/div><\/div>\n\n\n\n<div class=\"wp-block-group is-layout-constrained\"><div class=\"wp-block-group__inner-container\">\n<p><em><strong>Tabla 5: Datos desglosados de la pregunta N\u00b04 &#8211; Estudiantes<\/strong><\/em><\/p>\n\n\n\n<figure class=\"wp-block-table is-style-stripes\"><table><tbody><tr><td class=\"has-text-align-center\" data-align=\"center\"><strong>Nula o mala conectividad<\/strong><\/td><td class=\"has-text-align-center\" data-align=\"center\"><strong>Porcentaje<\/strong><\/td><\/tr><tr><td class=\"has-text-align-center\" data-align=\"center\">Mala conectividad<br>No tengo Wi-Fi<br>Sin datos en el celular<\/td><td class=\"has-text-align-center\" data-align=\"center\">51,5%<br>28,8%<br>19,7%<\/td><\/tr><tr><td class=\"has-text-align-center\" data-align=\"center\"><strong>Dispositivos de acceso<\/strong><\/td><td class=\"has-text-align-center\" data-align=\"center\"><strong>Porcentaje<\/strong><\/td><\/tr><tr><td class=\"has-text-align-center\" data-align=\"center\">Solo uso celular<br>Comparto o no tengo computadora<\/td><td class=\"has-text-align-center\" data-align=\"center\">54,4%<br>45,6%<\/td><\/tr><\/tbody><\/table><\/figure>\n<\/div><\/div>\n\n\n\n<div class=\"wp-block-group is-layout-constrained\"><div class=\"wp-block-group__inner-container\">\n<p><em><strong>Tabla 6: Pregunta 2: \u00bfPor cu\u00e1les medios recib\u00eds las actividades de la escuela? &#8211; Estudiantes<br>              Pregunta 2: \u00bfPor cu\u00e1les medios tom\u00e1s contacto con tus estudiantes? &#8211; Docentes<\/strong><\/em><\/p>\n\n\n\n<figure class=\"wp-block-table is-style-stripes\"><table><tbody><tr><td class=\"has-text-align-center\" data-align=\"center\"><strong>Medios: Plataformas<\/strong><\/td><td class=\"has-text-align-center\" data-align=\"center\"><strong><strong>Estudiantes<\/strong><\/strong><\/td><td class=\"has-text-align-center\" data-align=\"center\"><strong>Docentes<\/strong><\/td><\/tr><tr><td class=\"has-text-align-center\" data-align=\"center\">WhatsApp<br>Classroom<br>Correo electr\u00f3nico<br>Blog del colegio<br>Facebook \u2013 Instagram<br>Impresas<br>Google Drive<br>Clases sincr\u00f3nicas: Zoom o Meet<br>Ninguna de las anteriores<\/td><td class=\"has-text-align-center\" data-align=\"center\">63,7%<br>40,9%<br>30,4%<br>0,9%<br>0,4%<br>0,4%<br>0,2%<br>&#8211;<br>0,3%<\/td><td class=\"has-text-align-center\" data-align=\"center\">65,4%<br>57,7%<br>88,5%<br>26,90%<br>0,7%<br>0,4%<br>&#8211;<br>80,8%<br>&#8211;<\/td><\/tr><\/tbody><\/table><\/figure>\n<\/div><\/div>\n\n\n\n<div class=\"wp-block-group is-layout-constrained\"><div class=\"wp-block-group__inner-container\">\n<p><em><em><em><em><em><strong>Tabla 7: Pregunta 5: \u00bfQu\u00e9 cosas te facilitar\u00edan el estudio en casa mientras no se pueda asistir a la escuela? &#8211; Estudiantes<\/strong><\/em><\/em><\/em><\/em><\/em><\/p>\n\n\n\n<figure class=\"wp-block-table is-style-stripes\"><table><tbody><tr><td class=\"has-text-align-left\" data-align=\"left\"><strong>Recursos<\/strong><\/td><td class=\"has-text-align-center\" data-align=\"center\"><strong>Porcentaje<\/strong><\/td><\/tr><tr><td class=\"has-text-align-left\" data-align=\"left\">Que no hagamos tantas actividades y pr\u00e1cticos<br>Que los profesores manden grabaciones o escritos con explicaciones de temas y actividades<br>Que los textos no sean tan largos<br>Que los profesores nos dejen fotocopias para no leer todo del celular o computadora<br>Tener clases en vivo<\/td><td class=\"has-text-align-center\" data-align=\"center\">72,5 %<br>55,5 %<br><br>38,5 %<br>19,3 %<br>12,3 %<\/td><\/tr><\/tbody><\/table><\/figure>\n<\/div><\/div>\n\n\n\n<div class=\"wp-block-group is-layout-constrained\"><div class=\"wp-block-group__inner-container\">\n<p><em><strong>Tabla 8: Pregunta 7: \u00bfQu\u00e9 es lo que m\u00e1s extra\u00f1as de la escuela? &#8211; Estudiantes<\/strong><\/em><\/p>\n\n\n\n<figure class=\"wp-block-table is-style-stripes\"><table><tbody><tr><td class=\"has-text-align-left\" data-align=\"left\"><strong>Qu\u00e9 extra\u00f1as<\/strong><\/td><td class=\"has-text-align-center\" data-align=\"center\"><strong>Porcentaje<\/strong><\/td><\/tr><tr><td class=\"has-text-align-left\" data-align=\"left\">Encontrarme con amigos y compa\u00f1eros<br>Los profesores y las clases<br>Prepararme y organizarme para la escuela<br>Ir y estar en la escuela<br>Otros<\/td><td class=\"has-text-align-center\" data-align=\"center\">70,5 %<br>44,6 %<br>18,7 %<br>13,3 %<br>6 %<\/td><\/tr><\/tbody><\/table><\/figure>\n<\/div><\/div>\n\n\n\n<div class=\"wp-block-group is-layout-constrained\"><div class=\"wp-block-group__inner-container\">\n<p><em><strong>Tabla 9: Pregunta 6: Desde que empez\u00f3 el aislamiento por la pandemia, \u00bfqu\u00e9 sent\u00eds con relaci\u00f3n a la escuela? &#8211; Estudiantes<\/strong><\/em><\/p>\n\n\n\n<figure class=\"wp-block-table is-style-stripes\"><table><tbody><tr><td class=\"has-text-align-left\" data-align=\"left\"><strong>Sentimientos<\/strong><\/td><td class=\"has-text-align-center\" data-align=\"center\"><strong>Porcentaje<\/strong><\/td><\/tr><tr><td class=\"has-text-align-left\" data-align=\"left\">Emociones asociadas a la tristeza<br>Preocupaciones por rendimiento escolar<br>Ninguno<br>Gusto por la virtualidad<br>Disgusto con la virtualidad<br>Emociones adversas<br>Otro<br>Acompa\u00f1amiento<br>No responde \/ No sabe<\/td><td class=\"has-text-align-center\" data-align=\"center\"><strong>33,6%<\/strong><br><strong>30%<\/strong><br>13,2 %<br>7,8 %<br>7,2 %<br>3%<br>2,4 %<br>1,2 %<br>1,8 %<\/td><\/tr><\/tbody><\/table><\/figure>\n<\/div><\/div>\n\n\n\n<div class=\"wp-block-group is-layout-constrained\"><div class=\"wp-block-group__inner-container\">\n<div style=\"height:59px\" aria-hidden=\"true\" class=\"wp-block-spacer\"><\/div>\n<\/div><\/div>\n\n\n\n<div class=\"wp-block-group is-layout-constrained\"><div class=\"wp-block-group__inner-container\">\n<div class=\"wp-block-columns is-layout-flex wp-container-12\">\n<div class=\"wp-block-column is-layout-flow\" style=\"flex-basis:100%\">\n<figure class=\"wp-block-video\"><video controls src=\"https:\/\/e3.ar\/alzaga\/wp-content\/uploads\/2023\/08\/Encuesta-La-Escuela-en-Casa-Estudiantes.mkv\"><\/video><figcaption class=\"wp-element-caption\">Encuesta La Escuela en Casa &#8211; Estudiantes<\/figcaption><\/figure>\n\n\n\n<div class=\"wp-block-group is-layout-constrained\"><div class=\"wp-block-group__inner-container\">\n<figure class=\"wp-block-video\"><video controls src=\"https:\/\/e3.ar\/alzaga\/wp-content\/uploads\/2023\/08\/Encuesta-La-Escuela-en-Casa-Docentes.mkv\"><\/video><figcaption class=\"wp-element-caption\">Encuesta La Escuela en Casa &#8211; Docentes<\/figcaption><\/figure>\n<\/div><\/div>\n<\/div>\n<\/div>\n<\/div><\/div>\n\n\n\n<figure class=\"wp-block-image size-full\"><img decoding=\"async\" loading=\"lazy\" width=\"853\" height=\"480\" src=\"https:\/\/e3.ar\/alzaga\/wp-content\/uploads\/2023\/08\/Invitacion-taller-de-estudiantes-1.gif\" alt=\"\" class=\"wp-image-167\"\/><\/figure>\n\n\n\n<div style=\"height:36px\" aria-hidden=\"true\" class=\"wp-block-spacer\"><\/div>\n\n\n\n<figure class=\"wp-block-image size-large\"><img decoding=\"async\" loading=\"lazy\" width=\"1024\" height=\"664\" src=\"https:\/\/e3.ar\/alzaga\/wp-content\/uploads\/2023\/08\/slido-que-te-gusto-de-la-escuela-en-casa-Estudiantes-1-1024x664.png\" alt=\"\" class=\"wp-image-171\" srcset=\"https:\/\/e3.ar\/alzaga\/wp-content\/uploads\/2023\/08\/slido-que-te-gusto-de-la-escuela-en-casa-Estudiantes-1-1024x664.png 1024w, https:\/\/e3.ar\/alzaga\/wp-content\/uploads\/2023\/08\/slido-que-te-gusto-de-la-escuela-en-casa-Estudiantes-1-300x195.png 300w, https:\/\/e3.ar\/alzaga\/wp-content\/uploads\/2023\/08\/slido-que-te-gusto-de-la-escuela-en-casa-Estudiantes-1-768x498.png 768w, https:\/\/e3.ar\/alzaga\/wp-content\/uploads\/2023\/08\/slido-que-te-gusto-de-la-escuela-en-casa-Estudiantes-1-1536x996.png 1536w, https:\/\/e3.ar\/alzaga\/wp-content\/uploads\/2023\/08\/slido-que-te-gusto-de-la-escuela-en-casa-Estudiantes-1-2048x1329.png 2048w\" sizes=\"(max-width: 1024px) 100vw, 1024px\" \/><\/figure>\n\n\n\n<figure class=\"wp-block-image size-large\"><img decoding=\"async\" loading=\"lazy\" width=\"1024\" height=\"664\" src=\"https:\/\/e3.ar\/alzaga\/wp-content\/uploads\/2023\/08\/slido-que-aprendiste-sobre-la-ensenanza-durante-la-pandemia-1024x664.png\" alt=\"\" class=\"wp-image-174\" srcset=\"https:\/\/e3.ar\/alzaga\/wp-content\/uploads\/2023\/08\/slido-que-aprendiste-sobre-la-ensenanza-durante-la-pandemia-1024x664.png 1024w, https:\/\/e3.ar\/alzaga\/wp-content\/uploads\/2023\/08\/slido-que-aprendiste-sobre-la-ensenanza-durante-la-pandemia-300x195.png 300w, https:\/\/e3.ar\/alzaga\/wp-content\/uploads\/2023\/08\/slido-que-aprendiste-sobre-la-ensenanza-durante-la-pandemia-768x498.png 768w, https:\/\/e3.ar\/alzaga\/wp-content\/uploads\/2023\/08\/slido-que-aprendiste-sobre-la-ensenanza-durante-la-pandemia-1536x996.png 1536w, https:\/\/e3.ar\/alzaga\/wp-content\/uploads\/2023\/08\/slido-que-aprendiste-sobre-la-ensenanza-durante-la-pandemia-2048x1329.png 2048w\" sizes=\"(max-width: 1024px) 100vw, 1024px\" \/><\/figure>\n\n\n\n<div style=\"height:36px\" aria-hidden=\"true\" class=\"wp-block-spacer\"><\/div>\n","protected":false},"excerpt":{"rendered":"<p>Los recursos de este apartado corresponden a las encuestas realizadas. Por un lado se presentan los datos y respuestas analizados en la tesis en formato de gr\u00e1fico y tablas, enumeradas como en el texto. Luego, los formularios de encuestas realizadas a Estudiantes y Docentes, seguido por el flyer de invitaci\u00f3n [&hellip;]<\/p>\n","protected":false},"author":1,"featured_media":76,"parent":0,"menu_order":0,"comment_status":"closed","ping_status":"closed","template":"","meta":[],"_links":{"self":[{"href":"https:\/\/e3.ar\/alzaga\/wp-json\/wp\/v2\/pages\/65"}],"collection":[{"href":"https:\/\/e3.ar\/alzaga\/wp-json\/wp\/v2\/pages"}],"about":[{"href":"https:\/\/e3.ar\/alzaga\/wp-json\/wp\/v2\/types\/page"}],"author":[{"embeddable":true,"href":"https:\/\/e3.ar\/alzaga\/wp-json\/wp\/v2\/users\/1"}],"replies":[{"embeddable":true,"href":"https:\/\/e3.ar\/alzaga\/wp-json\/wp\/v2\/comments?post=65"}],"version-history":[{"count":10,"href":"https:\/\/e3.ar\/alzaga\/wp-json\/wp\/v2\/pages\/65\/revisions"}],"predecessor-version":[{"id":204,"href":"https:\/\/e3.ar\/alzaga\/wp-json\/wp\/v2\/pages\/65\/revisions\/204"}],"wp:featuredmedia":[{"embeddable":true,"href":"https:\/\/e3.ar\/alzaga\/wp-json\/wp\/v2\/media\/76"}],"wp:attachment":[{"href":"https:\/\/e3.ar\/alzaga\/wp-json\/wp\/v2\/media?parent=65"}],"curies":[{"name":"wp","href":"https:\/\/api.w.org\/{rel}","templated":true}]}}