{"id":138,"date":"2025-12-21T19:43:05","date_gmt":"2025-12-21T19:43:05","guid":{"rendered":"https:\/\/e3.ar\/ifda\/?page_id=138"},"modified":"2026-02-25T16:17:52","modified_gmt":"2026-02-25T16:17:52","slug":"diseno-multimedial","status":"publish","type":"page","link":"https:\/\/e3.ar\/ifda\/diseno-multimedial\/","title":{"rendered":"Dise\u00f1o Multimedial"},"content":{"rendered":"\n<div class=\"wp-block-group has-global-padding is-layout-constrained wp-block-group-is-layout-constrained\">\n<div class=\"wp-block-group has-global-padding is-layout-constrained wp-block-group-is-layout-constrained\">\n<div class=\"wp-block-columns is-layout-flex wp-container-core-columns-is-layout-28f84493 wp-block-columns-is-layout-flex\">\n<div class=\"wp-block-column is-layout-flow wp-block-column-is-layout-flow\">\n<div class=\"wp-block-group has-global-padding is-layout-constrained wp-block-group-is-layout-constrained\">\n<div class=\"wp-block-group has-global-padding is-layout-constrained wp-block-group-is-layout-constrained\">\n<p class=\"dia\"><strong><s>Mi\u00e9rcoles 11 de febrero<\/s><br><\/strong><strong>Jueves 12 de febrero<\/strong><\/p>\n\n\n\n<p style=\"color: red;\"><strong>Actividades reprogramadas<\/strong><\/p>\n\n\n\n<h4 class=\"wp-block-heading\"><strong>13:30hs.<\/strong><\/h4>\n\n\n\n<p><strong>Bienvenida Departamental <\/strong>a cargo del director Prof. Alejandro Maitini.<\/p>\n\n\n\n<p><strong>Apellidos desde la A hasta la L.<\/strong><\/p>\n\n\n\n<p class=\"lugar\"><strong>Auditorio Gleyzer \u2013 Sede Fonseca.<\/strong><\/p>\n<\/div>\n<\/div>\n\n\n\n<div class=\"wp-block-group has-global-padding is-layout-constrained wp-block-group-is-layout-constrained\">\n<h4 class=\"wp-block-heading\"><strong>15:30hs.<\/strong><\/h4>\n\n\n\n<p><strong>Bienvenida Departamental <\/strong>a cargo del director Prof. Alejandro Maitini.<\/p>\n\n\n\n<p><strong>Apellidos desde la M hasta la Z.<\/strong><\/p>\n\n\n\n<p class=\"lugar\"><strong>Auditorio Gleyzer \u2013 Sede Fonseca.<\/strong><\/p>\n<\/div>\n<\/div>\n\n\n\n<div class=\"wp-block-column is-style-section-3 is-layout-flow wp-block-column-is-layout-flow\">\n<div class=\"wp-block-group has-global-padding is-layout-constrained wp-block-group-is-layout-constrained\">\n<div class=\"wp-block-group has-global-padding is-layout-constrained wp-block-group-is-layout-constrained\">\n<p class=\"dia\"><strong>Viernes 13<\/strong><\/p>\n<\/div>\n<\/div>\n\n\n\n<p><strong>Charla con el Centro de Estudiantes.<\/strong><\/p>\n\n\n\n<p>Para conocer a qu\u00e9 encuentro te corresponde ir:<\/p>\n\n\n\n<div class=\"wp-block-buttons is-content-justification-right is-layout-flex wp-container-core-buttons-is-layout-d445cf74 wp-block-buttons-is-layout-flex\">\n<div class=\"wp-block-button\"><a class=\"wp-block-button__link wp-element-button\" href=\"https:\/\/www2.fba.unlp.edu.ar\/ingreso\/centro-de-estudiantes\/\" target=\"_blank\" rel=\"noreferrer noopener\">Centro de Estudiantes<\/a><\/div>\n<\/div>\n<\/div>\n<\/div>\n<\/div>\n\n\n\n<h3 class=\"semana\">Semana 2<\/h3>\n\n\n\n<div class=\"wp-block-columns is-layout-flex wp-container-core-columns-is-layout-28f84493 wp-block-columns-is-layout-flex\">\n<div class=\"wp-block-column is-layout-flow wp-block-column-is-layout-flow\">\n<div class=\"wp-block-group has-global-padding is-layout-constrained wp-block-group-is-layout-constrained\">\n<div class=\"wp-block-group has-global-padding is-layout-constrained wp-block-group-is-layout-constrained\">\n<p class=\"dia\"><strong>Mi\u00e9rcoles 18<\/strong><\/p>\n\n\n\n<h4 class=\"wp-block-heading\"><strong>09:00hs.<\/strong><\/h4>\n\n\n\n<p><strong>Presentaci\u00f3n de la Direcci\u00f3n de Ense\u00f1anza (Alumnos) y de la Biblioteca FDA.<\/strong><\/p>\n\n\n\n<p class=\"lugar\"><strong>Auditorio Gleyzer \u2013 Sede Fonseca.<\/strong><\/p>\n\n\n\n<h4 class=\"wp-block-heading\"><strong>16:00hs.<\/strong><\/h4>\n\n\n\n<p><strong>Encuentro con la Secretar\u00eda de Asuntos Estudiantiles<\/strong> (SAE) a cargo del secretario Prof. Lautaro Zugbi.<\/p>\n\n\n\n<p class=\"lugar\"><strong>Auditorio Gleyser \u2013 Sede Fonseca.<\/strong><\/p>\n<\/div>\n<\/div>\n\n\n\n<h4 class=\"wp-block-heading\"><strong>17:00hs.<\/strong><\/h4>\n\n\n\n<p><strong>Muestra de Producciones Multimediales.<\/strong><\/p>\n\n\n\n<p class=\"lugar\"><strong>Auditorio Rolli\u00e9 y aula Azzarini &#8211; Sede Central.<\/strong><\/p>\n\n\n\n<h4 class=\"wp-block-heading\"><strong>18:00hs.<\/strong><\/h4>\n\n\n\n<p><strong>Charla de la Secretar\u00eda de Bienestar Estudiantil de la UNLP.<\/strong><\/p>\n\n\n\n<p>Actividad optativa.<\/p>\n\n\n\n<p class=\"lugar\"><strong>Auditorio Gleyzer \u2013 Sede Fonseca.<\/strong><\/p>\n\n\n\n<h4 class=\"wp-block-heading\"><strong>19:00hs.<\/strong><\/h4>\n\n\n\n<p><strong>Encuentro con graduados y estudiantes avanzados.<\/strong><\/p>\n\n\n\n<p class=\"lugar\"><strong>Auditorio Rolli\u00e9 &#8211; Sede Central.<\/strong><\/p>\n<\/div>\n\n\n\n<div class=\"wp-block-column is-layout-flow wp-block-column-is-layout-flow\">\n<div class=\"wp-block-group has-global-padding is-layout-constrained wp-block-group-is-layout-constrained\">\n<div class=\"wp-block-group has-global-padding is-layout-constrained wp-block-group-is-layout-constrained\">\n<p class=\"dia\"><strong>Jueves 19<\/strong><\/p>\n\n\n\n<p style=\"color: red;\"><strong>Actividades reprogramadas por Paro general.<\/strong><\/p>\n<\/div>\n<\/div>\n<\/div>\n\n\n\n<div class=\"wp-block-column is-layout-flow wp-block-column-is-layout-flow\">\n<p class=\"dia\"><strong>Viernes 20<\/strong><\/p>\n\n\n\n<h4 class=\"wp-block-heading\"><strong>13:00hs.<\/strong><\/h4>\n\n\n\n<p><strong>Presentaci\u00f3n de la coordinaci\u00f3n de Derechos Humanos, Direcci\u00f3n de Orientaci\u00f3n Educativa y Coordinaci\u00f3n de Pol\u00edticas de G\u00e9nero.<\/strong><\/p>\n\n\n\n<p class=\"lugar\"><strong>Auditorio Peluso \u2013 Sede Fonseca.<\/strong><\/p>\n<\/div>\n<\/div>\n\n\n\n<h3 class=\"semana\">Semana 3<\/h3>\n\n\n\n<div class=\"wp-block-columns is-layout-flex wp-container-core-columns-is-layout-28f84493 wp-block-columns-is-layout-flex\">\n<div class=\"wp-block-column is-layout-flow wp-block-column-is-layout-flow\">\n<div class=\"wp-block-group has-global-padding is-layout-constrained wp-block-group-is-layout-constrained\">\n<div class=\"wp-block-group has-global-padding is-layout-constrained wp-block-group-is-layout-constrained\">\n<p class=\"dia\"><strong>Lunes 23<\/strong><\/p>\n\n\n\n<h4 class=\"wp-block-heading\"><strong>18:00hs.<\/strong><\/h4>\n\n\n\n<p><strong>Presentaci\u00f3n de la materia &#8220;Taller de dise\u00f1o digital&#8221;.<\/strong><\/p>\n\n\n\n<p class=\"lugar\"><strong>Auditorio Peluso \u2013 Sede Fonseca.<\/strong><\/p>\n<\/div>\n<\/div>\n<\/div>\n\n\n\n<div class=\"wp-block-column is-style-section-3 is-layout-flow wp-block-column-is-layout-flow\">\n<div class=\"wp-block-group has-global-padding is-layout-constrained wp-block-group-is-layout-constrained\">\n<div class=\"wp-block-group has-global-padding is-layout-constrained wp-block-group-is-layout-constrained\">\n<p class=\"dia\"><strong>Martes 24<\/strong><\/p>\n\n\n\n<h4 class=\"wp-block-heading\"><strong>Desde las 10:00hs.<\/strong><\/h4>\n\n\n\n<p><strong>Presentaci\u00f3n de la materia &#8220;Introducci\u00f3n a la programaci\u00f3n para medios interactivos&#8221;.<\/strong><\/p>\n\n\n\n<p>Actividad virtual asincr\u00f3nica en la plataforma virtual de la materia.<\/p>\n\n\n\n<div class=\"wp-block-buttons is-content-justification-right is-layout-flex wp-container-core-buttons-is-layout-d445cf74 wp-block-buttons-is-layout-flex\">\n<div class=\"wp-block-button\"><a class=\"wp-block-button__link wp-element-button\" href=\"https:\/\/www.colaboratorio3.org\/\" target=\"_blank\" rel=\"noreferrer noopener\">Acceso a plataforma<\/a><\/div>\n<\/div>\n<\/div>\n<\/div>\n<\/div>\n<\/div>\n\n\n\n<div class=\"wp-block-columns is-layout-flex wp-container-core-columns-is-layout-28f84493 wp-block-columns-is-layout-flex\">\n<div class=\"wp-block-column is-layout-flow wp-block-column-is-layout-flow\">\n<div class=\"wp-block-group has-global-padding is-layout-constrained wp-block-group-is-layout-constrained\">\n<div class=\"wp-block-group has-global-padding is-layout-constrained wp-block-group-is-layout-constrained\">\n<p class=\"dia\"><strong>Jueves 26<\/strong><\/p>\n\n\n\n<h4 class=\"wp-block-heading\"><strong>10:00hs.<\/strong><\/h4>\n\n\n\n<p><strong>Presentaci\u00f3n de la materia &#8220;Introducci\u00f3n a la Imagen digital&#8221;.<\/strong><\/p>\n\n\n\n<p class=\"lugar\"><strong>Auditorio Rolli\u00e9 &#8211; Sede Central.<\/strong><\/p>\n\n\n\n<h4 class=\"wp-block-heading\"><strong>15:00hs.<\/strong><\/h4>\n\n\n\n<p><strong>Presentaci\u00f3n de la materia &#8220;Introducci\u00f3n a los medios digitales&#8221;.<\/strong><\/p>\n\n\n\n<p class=\"lugar\"><strong>Auditorio Gleyzer \u2013 Sede Fonseca.<\/strong><\/p>\n\n\n\n<hr class=\"wp-block-separator has-alpha-channel-opacity\"\/>\n\n\n\n<figure class=\"wp-block-image alignfull size-full\"><img loading=\"lazy\" decoding=\"async\" width=\"336\" height=\"444\" src=\"https:\/\/e3.ar\/ifda\/wp-content\/uploads\/2025\/12\/d.m-1-1.png\" alt=\"\" class=\"wp-image-271\" srcset=\"https:\/\/e3.ar\/ifda\/wp-content\/uploads\/2025\/12\/d.m-1-1.png 336w, https:\/\/e3.ar\/ifda\/wp-content\/uploads\/2025\/12\/d.m-1-1-227x300.png 227w\" sizes=\"auto, (max-width: 336px) 100vw, 336px\" \/><\/figure>\n\n\n\n<h4 class=\"wp-block-heading\"><strong>18:00hs.<\/strong><\/h4>\n\n\n\n<p><strong>Presentaci\u00f3n de la materia &#8220;Lenguaje Visual 1B&#8221;<\/strong><\/p>\n\n\n\n<p>Turno noche.<\/p>\n\n\n\n<p class=\"lugar\"><strong>Auditorio Peluso \u2013 Sede Fonseca.<\/strong><\/p>\n<\/div>\n<\/div>\n<\/div>\n\n\n\n<div class=\"wp-block-column is-style-section-3 is-layout-flow wp-block-column-is-layout-flow\">\n<div class=\"wp-block-group has-global-padding is-layout-constrained wp-block-group-is-layout-constrained\">\n<div class=\"wp-block-group has-global-padding is-layout-constrained wp-block-group-is-layout-constrained\">\n<p class=\"dia\"><strong>Viernes 27<\/strong><\/p>\n\n\n\n<p><strong>Presentaci\u00f3n de la materia &#8220;Lenguaje Visual 1B&#8221;<\/strong><\/p>\n\n\n\n<p>Turno ma\u00f1ana.<\/p>\n\n\n\n<p class=\"lugar\"><strong><strong>Modalidad virtual asincr\u00f3nica<\/strong><\/strong>.<\/p>\n\n\n\n<div class=\"wp-block-buttons is-layout-flex wp-block-buttons-is-layout-flex\">\n<div class=\"wp-block-button\"><a class=\"wp-block-button__link wp-element-button\" href=\"https:\/\/www2.fba.unlp.edu.ar\/ingreso\/2026\/02\/25\/cambios-en-los-cronogramas-3\/\" target=\"_blank\" rel=\"noreferrer noopener\">Acceso a la presentaci\u00f3n<\/a><\/div>\n<\/div>\n\n\n\n<h4 class=\"wp-block-heading\"><strong>A confirmar.<\/strong><\/h4>\n\n\n\n<p><strong>Taller Cartograf\u00edas de la Memoria.<\/strong><\/p>\n\n\n\n<p>Organiza Direcci\u00f3n de Derechos Humanos.<\/p>\n\n\n\n<p class=\"lugar\"><strong>Aula 104 \u2013 Sede Fonseca.<\/strong><\/p>\n\n\n\n<p>Actividad optativa con registro previo:<\/p>\n\n\n\n<div class=\"wp-block-buttons is-content-justification-right is-layout-flex wp-container-core-buttons-is-layout-d445cf74 wp-block-buttons-is-layout-flex\">\n<div class=\"wp-block-button\"><a class=\"wp-block-button__link wp-element-button\" href=\"https:\/\/docs.google.com\/forms\/d\/1oM2IVrhsRVPUaYKXhC9cFA7ThfUINUptdgVJCkGZc34\/viewform?edit_requested=true\" target=\"_blank\" rel=\"noreferrer noopener\">Inscripci\u00f3n<\/a><\/div>\n<\/div>\n<\/div>\n<\/div>\n<\/div>\n<\/div>\n<\/div>\n\n\n\n<p><\/p>\n","protected":false},"excerpt":{"rendered":"<p>Mi\u00e9rcoles 11 de febreroJueves 12 de febrero Actividades reprogramadas 13:30hs. Bienvenida Departamental a cargo del director Prof. Alejandro Maitini. Apellidos desde la A hasta la L. Auditorio Gleyzer \u2013 Sede Fonseca. 15:30hs. Bienvenida Departamental a cargo del director Prof. Alejandro Maitini. Apellidos desde la M hasta la Z. Auditorio Gleyzer \u2013 Sede Fonseca. Viernes 13 [&hellip;]<\/p>\n","protected":false},"author":1,"featured_media":0,"parent":0,"menu_order":0,"comment_status":"closed","ping_status":"closed","template":"","meta":{"footnotes":""},"class_list":["post-138","page","type-page","status-publish","hentry"],"_links":{"self":[{"href":"https:\/\/e3.ar\/ifda\/wp-json\/wp\/v2\/pages\/138","targetHints":{"allow":["GET"]}}],"collection":[{"href":"https:\/\/e3.ar\/ifda\/wp-json\/wp\/v2\/pages"}],"about":[{"href":"https:\/\/e3.ar\/ifda\/wp-json\/wp\/v2\/types\/page"}],"author":[{"embeddable":true,"href":"https:\/\/e3.ar\/ifda\/wp-json\/wp\/v2\/users\/1"}],"replies":[{"embeddable":true,"href":"https:\/\/e3.ar\/ifda\/wp-json\/wp\/v2\/comments?post=138"}],"version-history":[{"count":23,"href":"https:\/\/e3.ar\/ifda\/wp-json\/wp\/v2\/pages\/138\/revisions"}],"predecessor-version":[{"id":452,"href":"https:\/\/e3.ar\/ifda\/wp-json\/wp\/v2\/pages\/138\/revisions\/452"}],"wp:attachment":[{"href":"https:\/\/e3.ar\/ifda\/wp-json\/wp\/v2\/media?parent=138"}],"curies":[{"name":"wp","href":"https:\/\/api.w.org\/{rel}","templated":true}]}}