{"id":164,"date":"2025-12-23T10:16:37","date_gmt":"2025-12-23T10:16:37","guid":{"rendered":"https:\/\/e3.ar\/ifda\/?page_id=164"},"modified":"2026-02-25T16:30:53","modified_gmt":"2026-02-25T16:30:53","slug":"sonido","status":"publish","type":"page","link":"https:\/\/e3.ar\/ifda\/sonido\/","title":{"rendered":"Sonido"},"content":{"rendered":"\n<div class=\"wp-block-group has-global-padding is-layout-constrained wp-block-group-is-layout-constrained\">\n<div class=\"wp-block-group has-global-padding is-layout-constrained wp-block-group-is-layout-constrained\">\n<div class=\"wp-block-columns is-layout-flex wp-container-core-columns-is-layout-28f84493 wp-block-columns-is-layout-flex\">\n<div class=\"wp-block-column is-layout-flow wp-block-column-is-layout-flow\">\n<div class=\"wp-block-group has-global-padding is-layout-constrained wp-block-group-is-layout-constrained\">\n<div class=\"wp-block-group has-global-padding is-layout-constrained wp-block-group-is-layout-constrained\">\n<p class=\"dia\"><strong>Lunes 9 de febrero<\/strong><\/p>\n\n\n\n<h4 class=\"wp-block-heading\"><strong>10:00hs.<\/strong><\/h4>\n\n\n\n<p><strong>Bienvenida departamental<\/strong> a cargo del director Prof. Juan Albari\u00f1o.<\/p>\n\n\n\n<p><strong>Apellidos desde la A hasta la K.<\/strong><\/p>\n\n\n\n<p class=\"lugar\"><strong>Auditorio Peluso \u2013 Sede Fonseca.<\/strong><\/p>\n\n\n\n<h4 class=\"wp-block-heading\"><strong>12:00hs.<\/strong><\/h4>\n<\/div>\n<\/div>\n\n\n\n<div class=\"wp-block-group has-global-padding is-layout-constrained wp-block-group-is-layout-constrained\">\n<p><strong>Encuentro con la Secretar\u00eda de Asuntos Estudiantiles<\/strong> (SAE) a cargo del secretario Prof. Lautaro Zugbi.<\/p>\n\n\n\n<p><strong>Apellidos desde la A hasta la K.<\/strong><\/p>\n\n\n\n<p class=\"lugar\"><strong>Auditorio Peluso \u2013 Sede Fonseca.<\/strong><\/p>\n\n\n\n<h4 class=\"wp-block-heading\"><strong>15:00hs.<\/strong><\/h4>\n\n\n\n<p><strong>Bienvenida departamental<\/strong> a cargo del director Prof. Juan Albari\u00f1o.<\/p>\n\n\n\n<p><strong>Apellidos desde la L hasta la Z.<\/strong><\/p>\n\n\n\n<p class=\"lugar\"><strong>Auditorio Peluso \u2013 Sede Fonseca.<\/strong><\/p>\n\n\n\n<h4 class=\"wp-block-heading\"><strong>17:00hs.<\/strong><\/h4>\n\n\n\n<p><strong>Encuentro con la Secretar\u00eda de Asuntos Estudiantiles<\/strong> (SAE) a cargo del secretario Prof. Lautaro Zugbi.<\/p>\n\n\n\n<p><strong>Apellidos desde la L hasta la Z.<\/strong><\/p>\n\n\n\n<p class=\"lugar\"><strong>Auditorio Peluso \u2013 Sede Fonseca.<\/strong><\/p>\n<\/div>\n<\/div>\n\n\n\n<div class=\"wp-block-column is-style-section-3 is-layout-flow wp-block-column-is-layout-flow\">\n<div class=\"wp-block-group has-global-padding is-layout-constrained wp-block-group-is-layout-constrained\">\n<div class=\"wp-block-group has-global-padding is-layout-constrained wp-block-group-is-layout-constrained\">\n<p class=\"dia\"><strong>Jueves 12<\/strong><\/p>\n\n\n\n<h4 class=\"wp-block-heading\"><strong>09:00hs.<\/strong><\/h4>\n\n\n\n<p><strong>Encuentro con el Sonido.<\/strong><\/p>\n\n\n\n<p>Apellidos desde la A hasta la K.<\/p>\n\n\n\n<p class=\"has-text-align-left lugar\"><strong>Auditorio Rolli\u00e9 &#8211; Sede Central.<\/strong><\/p>\n\n\n\n<h4 class=\"wp-block-heading\"><strong>18:00hs.<\/strong><\/h4>\n\n\n\n<p><strong>Encuentro con el Sonido.<\/strong><\/p>\n\n\n\n<p>Apellidos desde la L hasta la Z.<\/p>\n\n\n\n<p class=\"has-text-align-left lugar\"><strong>Auditorio Rolli\u00e9 &#8211; Sede Central.<\/strong><\/p>\n\n\n\n<hr class=\"wp-block-separator has-alpha-channel-opacity\"\/>\n\n\n\n<figure class=\"wp-block-image size-full\"><img loading=\"lazy\" decoding=\"async\" width=\"599\" height=\"543\" src=\"https:\/\/e3.ar\/ifda\/wp-content\/uploads\/2025\/12\/t-s-2.png\" alt=\"\" class=\"wp-image-278\" srcset=\"https:\/\/e3.ar\/ifda\/wp-content\/uploads\/2025\/12\/t-s-2.png 599w, https:\/\/e3.ar\/ifda\/wp-content\/uploads\/2025\/12\/t-s-2-300x272.png 300w\" sizes=\"auto, (max-width: 599px) 100vw, 599px\" \/><\/figure>\n<\/div>\n<\/div>\n<\/div>\n\n\n\n<div class=\"wp-block-column is-layout-flow wp-block-column-is-layout-flow\">\n<div class=\"wp-block-group has-global-padding is-layout-constrained wp-block-group-is-layout-constrained\">\n<div class=\"wp-block-group has-global-padding is-layout-constrained wp-block-group-is-layout-constrained\">\n<p class=\"dia\"><strong>Viernes 13<\/strong><\/p>\n\n\n\n<p><strong>Charla con el Centro de Estudiantes.<\/strong><\/p>\n\n\n\n<p>Para conocer a qu\u00e9 encuentro te corresponde ir ingres\u00e1 a:<\/p>\n\n\n\n<div class=\"wp-block-buttons is-content-justification-right is-layout-flex wp-container-core-buttons-is-layout-d445cf74 wp-block-buttons-is-layout-flex\">\n<div class=\"wp-block-button\"><a class=\"wp-block-button__link wp-element-button\" href=\"https:\/\/www2.fba.unlp.edu.ar\/ingreso\/centro-de-estudiantes\/\" target=\"_blank\" rel=\"noreferrer noopener\">Centro de Estudiantes<\/a><\/div>\n<\/div>\n<\/div>\n<\/div>\n<\/div>\n<\/div>\n<\/div>\n\n\n\n<h3 class=\"semana\">Semana 2<\/h3>\n\n\n\n<div class=\"wp-block-columns is-layout-flex wp-container-core-columns-is-layout-28f84493 wp-block-columns-is-layout-flex\">\n<div class=\"wp-block-column is-layout-flow wp-block-column-is-layout-flow\">\n<div class=\"wp-block-group has-global-padding is-layout-constrained wp-block-group-is-layout-constrained\">\n<div class=\"wp-block-group has-global-padding is-layout-constrained wp-block-group-is-layout-constrained\">\n<p class=\"dia\"><strong>Mi\u00e9rcoles 18<\/strong><\/p>\n\n\n\n<h4 class=\"wp-block-heading\"><strong>11:00hs.<\/strong><\/h4>\n\n\n\n<p><strong>Presentaci\u00f3n de la Direcci\u00f3n de Ense\u00f1anza (Alumnos) y de la Biblioteca FDA.<\/strong><\/p>\n\n\n\n<p class=\"lugar\"><strong>Auditorio Gleyzer \u2013 Sede Fonseca.<\/strong><\/p>\n<\/div>\n\n\n\n<h4 class=\"wp-block-heading\"><strong>18:00hs.<\/strong><\/h4>\n<\/div>\n\n\n\n<div class=\"wp-block-group has-global-padding is-layout-constrained wp-block-group-is-layout-constrained\">\n<p><strong>Charla de la Secretar\u00eda de Bienestar Estudiantil de la UNLP.<\/strong><\/p>\n\n\n\n<p>Actividad optativa.<\/p>\n\n\n\n<p class=\"lugar\"><strong>Auditorio Gleyzer \u2013 Sede Fonseca.<\/strong><\/p>\n<\/div>\n<\/div>\n\n\n\n<div class=\"wp-block-column is-style-section-3 is-layout-flow wp-block-column-is-layout-flow\">\n<div class=\"wp-block-group has-global-padding is-layout-constrained wp-block-group-is-layout-constrained\">\n<div class=\"wp-block-group has-global-padding is-layout-constrained wp-block-group-is-layout-constrained\">\n<p class=\"dia\"><strong>Jueves 19<\/strong><\/p>\n<\/div>\n<\/div>\n\n\n\n<p style=\"color: red;\"><strong>Actividades reprogramadas por Paro general.<\/strong><\/p>\n<\/div>\n\n\n\n<div class=\"wp-block-column is-layout-flow wp-block-column-is-layout-flow\">\n<div class=\"wp-block-group has-global-padding is-layout-constrained wp-block-group-is-layout-constrained\">\n<div class=\"wp-block-group has-global-padding is-layout-constrained wp-block-group-is-layout-constrained\">\n<p class=\"dia\"><strong>Viernes 20<\/strong><\/p>\n\n\n\n<h4 class=\"wp-block-heading\"><strong>15:00hs.<\/strong><\/h4>\n\n\n\n<p><strong>Presentaci\u00f3n de la coordinaci\u00f3n de Derechos Humanos, Direcci\u00f3n de Orientaci\u00f3n Educativa y Coordinaci\u00f3n de Pol\u00edticas de G\u00e9nero.<\/strong><\/p>\n<\/div>\n\n\n\n<p class=\"lugar\"><strong>Auditorio Peluso \u2013 Sede Fonseca.<\/strong><\/p>\n<\/div>\n<\/div>\n<\/div>\n\n\n\n<h3 class=\"semana\">Semana 3<\/h3>\n\n\n\n<div class=\"wp-block-columns is-layout-flex wp-container-core-columns-is-layout-28f84493 wp-block-columns-is-layout-flex\">\n<div class=\"wp-block-column is-layout-flow wp-block-column-is-layout-flow\">\n<div class=\"wp-block-group has-global-padding is-layout-constrained wp-block-group-is-layout-constrained\">\n<div class=\"wp-block-group has-global-padding is-layout-constrained wp-block-group-is-layout-constrained\">\n<p class=\"dia\"><strong>Mi\u00e9rcoles 25<\/strong><\/p>\n\n\n\n<h4 class=\"wp-block-heading\"><strong>13:00hs.<\/strong><\/h4>\n\n\n\n<p><strong>Presentaci\u00f3n de la c\u00e1tedra Ac\u00fastica.<\/strong><\/p>\n\n\n\n<p class=\"lugar\"><strong>Auditorio Peluso \u2013 Sede Fonseca.<\/strong><\/p>\n\n\n\n<h4 class=\"wp-block-heading\"><strong>14:00hs.<\/strong><\/h4>\n\n\n\n<p><strong>Presentaci\u00f3n de la c\u00e1tedra Introducci\u00f3n a la Producci\u00f3n y An\u00e1lisis Musical.<\/strong><\/p>\n\n\n\n<p class=\"lugar\"><strong>Auditorio Peluso \u2013 Sede Fonseca.<\/strong><\/p>\n<\/div>\n<\/div>\n<\/div>\n\n\n\n<div class=\"wp-block-column is-style-section-3 is-layout-flow wp-block-column-is-layout-flow\">\n<div class=\"wp-block-group has-global-padding is-layout-constrained wp-block-group-is-layout-constrained\">\n<div class=\"wp-block-group has-global-padding is-layout-constrained wp-block-group-is-layout-constrained\">\n<p class=\"dia\"><strong>Jueves 26<\/strong><\/p>\n\n\n\n<h4 class=\"wp-block-heading\"><strong>14:00hs.<\/strong><\/h4>\n\n\n\n<p><strong>Presentaci\u00f3n de la c\u00e1tedra Educaci\u00f3n Auditiva.<\/strong><\/p>\n\n\n\n<p class=\"lugar\"><strong>Auditorio Peluso \u2013 Sede Fonseca.<\/strong><\/p>\n\n\n\n<h4 class=\"wp-block-heading\"><strong>15:00hs.<\/strong><\/h4>\n\n\n\n<p><strong>Presentaci\u00f3n de la c\u00e1tedra Electr\u00f3nica.<\/strong><\/p>\n\n\n\n<p class=\"lugar\"><strong>Auditorio Peluso \u2013 Sede Fonseca.<\/strong><\/p>\n\n\n\n<h4 class=\"wp-block-heading\"><strong>17:00hs.<\/strong><\/h4>\n\n\n\n<p><strong>Actividad especial del Departamento de Sonido. <\/strong><\/p>\n\n\n\n<p>Registro de las Artes Sonoras: experiencia de grabaci\u00f3n y refuerzo sonoro en vivo.<\/p>\n\n\n\n<p class=\"has-text-align-left lugar\"><strong>Auditorio Rolli\u00e9 &#8211; Sede Central.<\/strong><\/p>\n<\/div>\n<\/div>\n<\/div>\n\n\n\n<div class=\"wp-block-column is-layout-flow wp-block-column-is-layout-flow\">\n<div class=\"wp-block-group has-global-padding is-layout-constrained wp-block-group-is-layout-constrained\">\n<div class=\"wp-block-group has-global-padding is-layout-constrained wp-block-group-is-layout-constrained\">\n<p class=\"dia\"><strong>Viernes 27<\/strong><\/p>\n\n\n\n<h4 class=\"wp-block-heading\"><strong>13:00hs.<\/strong><\/h4>\n\n\n\n<p><strong>Presentaci\u00f3n de la c\u00e1tedra Instrumento Introductorio Piano.<\/strong><\/p>\n\n\n\n<p class=\"has-text-align-left lugar\"><strong>Modalidad virtual.<\/strong><\/p>\n\n\n\n<div class=\"wp-block-buttons is-layout-flex wp-block-buttons-is-layout-flex\">\n<div class=\"wp-block-button\"><a class=\"wp-block-button__link wp-element-button\" href=\"https:\/\/www2.fba.unlp.edu.ar\/ingreso\/2026\/02\/25\/cambios-en-los-cronogramas-3\/\" target=\"_blank\" rel=\"noreferrer noopener\">Acceso a la presentaci\u00f3n<\/a><\/div>\n<\/div>\n\n\n\n<h4 class=\"wp-block-heading\"><strong>14:00hs.<\/strong><\/h4>\n\n\n\n<p><strong>Presentaci\u00f3n de la c\u00e1tedra Instrumento Introductorio Guitarra.<\/strong><\/p>\n\n\n\n<p class=\"has-text-align-left lugar\"><strong>Modalidad virtual.<\/strong><\/p>\n\n\n\n<div class=\"wp-block-buttons is-layout-flex wp-block-buttons-is-layout-flex\">\n<div class=\"wp-block-button\"><a class=\"wp-block-button__link wp-element-button\" href=\"https:\/\/www2.fba.unlp.edu.ar\/ingreso\/2026\/02\/25\/cambios-en-los-cronogramas-3\/\" target=\"_blank\" rel=\"noreferrer noopener\">Acceso a la presentaci\u00f3n<\/a><\/div>\n<\/div>\n\n\n\n<h4 class=\"wp-block-heading\"><strong>A confirmar.<\/strong><\/h4>\n\n\n\n<p><strong>Taller Cartograf\u00edas de la Memoria.<\/strong><\/p>\n\n\n\n<p>Organiza Direcci\u00f3n de Derechos Humanos.<\/p>\n\n\n\n<p class=\"lugar\"><strong>Aula 104 &#8211; Sede Fonseca.<\/strong><\/p>\n\n\n\n<p>Actividad optativa con registro previo:<\/p>\n\n\n\n<div class=\"wp-block-buttons is-content-justification-right is-layout-flex wp-container-core-buttons-is-layout-d445cf74 wp-block-buttons-is-layout-flex\">\n<div class=\"wp-block-button\"><a class=\"wp-block-button__link wp-element-button\" href=\"https:\/\/docs.google.com\/forms\/d\/1oM2IVrhsRVPUaYKXhC9cFA7ThfUINUptdgVJCkGZc34\/viewform?edit_requested=true\" target=\"_blank\" rel=\"noreferrer noopener\">Inscripci\u00f3n<\/a><\/div>\n<\/div>\n<\/div>\n<\/div>\n<\/div>\n<\/div>\n<\/div>\n\n\n\n<p><\/p>\n","protected":false},"excerpt":{"rendered":"<p>Lunes 9 de febrero 10:00hs. Bienvenida departamental a cargo del director Prof. Juan Albari\u00f1o. Apellidos desde la A hasta la K. Auditorio Peluso \u2013 Sede Fonseca. 12:00hs. Encuentro con la Secretar\u00eda de Asuntos Estudiantiles (SAE) a cargo del secretario Prof. Lautaro Zugbi. Apellidos desde la A hasta la K. Auditorio Peluso \u2013 Sede Fonseca. 15:00hs. [&hellip;]<\/p>\n","protected":false},"author":1,"featured_media":0,"parent":0,"menu_order":0,"comment_status":"closed","ping_status":"closed","template":"","meta":{"footnotes":""},"class_list":["post-164","page","type-page","status-publish","hentry"],"_links":{"self":[{"href":"https:\/\/e3.ar\/ifda\/wp-json\/wp\/v2\/pages\/164","targetHints":{"allow":["GET"]}}],"collection":[{"href":"https:\/\/e3.ar\/ifda\/wp-json\/wp\/v2\/pages"}],"about":[{"href":"https:\/\/e3.ar\/ifda\/wp-json\/wp\/v2\/types\/page"}],"author":[{"embeddable":true,"href":"https:\/\/e3.ar\/ifda\/wp-json\/wp\/v2\/users\/1"}],"replies":[{"embeddable":true,"href":"https:\/\/e3.ar\/ifda\/wp-json\/wp\/v2\/comments?post=164"}],"version-history":[{"count":15,"href":"https:\/\/e3.ar\/ifda\/wp-json\/wp\/v2\/pages\/164\/revisions"}],"predecessor-version":[{"id":454,"href":"https:\/\/e3.ar\/ifda\/wp-json\/wp\/v2\/pages\/164\/revisions\/454"}],"wp:attachment":[{"href":"https:\/\/e3.ar\/ifda\/wp-json\/wp\/v2\/media?parent=164"}],"curies":[{"name":"wp","href":"https:\/\/api.w.org\/{rel}","templated":true}]}}