{"id":29,"date":"2025-12-04T04:56:26","date_gmt":"2025-12-04T04:56:26","guid":{"rendered":"https:\/\/e3.ar\/ifda\/?page_id=29"},"modified":"2026-02-25T15:39:15","modified_gmt":"2026-02-25T15:39:15","slug":"musica","status":"publish","type":"page","link":"https:\/\/e3.ar\/ifda\/musica\/","title":{"rendered":"M\u00fasica"},"content":{"rendered":"\n<div class=\"wp-block-group has-global-padding is-layout-constrained wp-block-group-is-layout-constrained\">\n<div class=\"wp-block-group has-global-padding is-layout-constrained wp-block-group-is-layout-constrained\">\n<div class=\"wp-block-columns is-layout-flex wp-container-core-columns-is-layout-28f84493 wp-block-columns-is-layout-flex\">\n<div class=\"wp-block-column is-layout-flow wp-block-column-is-layout-flow\">\n<div class=\"wp-block-group has-global-padding is-layout-constrained wp-block-group-is-layout-constrained\">\n<div class=\"wp-block-group has-global-padding is-layout-constrained wp-block-group-is-layout-constrained\">\n<p class=\"dia\"><strong>Lunes 9 de febrero<\/strong><\/p>\n\n\n\n<h4 class=\"wp-block-heading\"><strong>09:00hs.<\/strong><\/h4>\n\n\n\n<p><strong>Bienvenida Departamental <\/strong>a cargo de la directora Prof. Matilde Alvides.<\/p>\n\n\n\n<p><strong>Apellidos desde la A hasta la K.<\/strong><\/p>\n\n\n\n<p class=\"lugar\"><strong>Auditorio Rolli\u00e9 &#8211; Sede Central.<\/strong><\/p>\n\n\n\n<h4 class=\"wp-block-heading\"><strong>12:00hs.<\/strong><\/h4>\n<\/div>\n<\/div>\n\n\n\n<div class=\"wp-block-group has-global-padding is-layout-constrained wp-block-group-is-layout-constrained\">\n<p><strong>Encuentro con la Secretar\u00eda de Asuntos Estudiantiles<\/strong> (SAE) a cargo del secretario Prof. Lautaro Zugbi.<\/p>\n\n\n\n<p><strong>Apellidos desde la A hasta la K.<\/strong><\/p>\n\n\n\n<p class=\"lugar\"><strong>Auditorio Peluso \u2013 Sede Fonseca.<\/strong><\/p>\n\n\n\n<h4 class=\"wp-block-heading\"><strong>14:00hs.<\/strong><\/h4>\n\n\n\n<p><strong>Bienvenida Departamental <\/strong>a cargo de la directora Prof. Matilde Alvides.<\/p>\n\n\n\n<p><strong>Apellidos desde la L hasta la Z.<\/strong><\/p>\n\n\n\n<p class=\"lugar\"><strong>Auditorio Rolli\u00e9 &#8211; Sede Central.<\/strong><\/p>\n\n\n\n<h4 class=\"wp-block-heading\"><strong>17:00hs.<\/strong><\/h4>\n\n\n\n<p><strong>Encuentro con la Secretar\u00eda de Asuntos Estudiantiles<\/strong> (SAE) a cargo del secretario Prof. Lautaro Zugbi.<\/p>\n\n\n\n<p><strong>Apellidos desde la L hasta la Z.<\/strong><\/p>\n\n\n\n<p class=\"lugar\"><strong>Auditorio Peluso \u2013 Sede Fonseca.<\/strong><\/p>\n<\/div>\n<\/div>\n\n\n\n<div class=\"wp-block-column is-style-section-3 is-layout-flow wp-block-column-is-layout-flow\">\n<div class=\"wp-block-group has-global-padding is-layout-constrained wp-block-group-is-layout-constrained\">\n<div class=\"wp-block-group has-global-padding is-layout-constrained wp-block-group-is-layout-constrained\">\n<p class=\"dia\"><strong>Martes 10<\/strong><\/p>\n\n\n\n<p><strong>Charlas informativas sobre las carreras<\/strong>.<\/p>\n\n\n\n<h4 class=\"wp-block-heading\"><strong>09:00hs.<\/strong><\/h4>\n\n\n\n<p>Direcci\u00f3n Orquestal.<\/p>\n\n\n\n<h4 class=\"wp-block-heading\"><strong>09:40hs.<\/strong><\/h4>\n\n\n\n<p>Direcci\u00f3n Coral.<\/p>\n\n\n\n<h4 class=\"wp-block-heading\"><strong>10:20hs.<\/strong><\/h4>\n\n\n\n<p>Composici\u00f3n.<\/p>\n\n\n\n<h4 class=\"wp-block-heading\"><strong>11:00hs.<\/strong><\/h4>\n\n\n\n<p>M\u00fasica Popular.<\/p>\n\n\n\n<p class=\"has-text-align-left lugar\"><strong>Auditorio Rolli\u00e9 &#8211; Sede Central.<\/strong><\/p>\n<\/div>\n<\/div>\n<\/div>\n\n\n\n<div class=\"wp-block-column is-layout-flow wp-block-column-is-layout-flow\">\n<div class=\"wp-block-group has-global-padding is-layout-constrained wp-block-group-is-layout-constrained\">\n<div class=\"wp-block-group has-global-padding is-layout-constrained wp-block-group-is-layout-constrained\">\n<p class=\"dia\"><strong><s>Mi\u00e9rcoles 11 de febrero<\/s><br><\/strong><strong>Jueves 12 de febrero<\/strong><\/p>\n\n\n\n<p style=\"color: red;\"><strong>Actividades reprogramadas<\/strong><\/p>\n\n\n\n<p><strong>Charlas informativas sobre las carreras.<\/strong><\/p>\n\n\n\n<h4 class=\"wp-block-heading\"><strong><strong>13:00hs.<\/strong><\/strong><\/h4>\n\n\n\n<p>Piano.<\/p>\n\n\n\n<h4 class=\"wp-block-heading\"><strong><strong>13:40hs<\/strong><\/strong>.<\/h4>\n\n\n\n<p>Guitarra.<\/p>\n\n\n\n<h4 class=\"wp-block-heading\"><strong><strong>14:20hs<\/strong><\/strong><\/h4>\n<\/div>\n<\/div>\n\n\n\n<p>Educaci\u00f3n Musical.<\/p>\n\n\n\n<p class=\"lugar\"><strong>Auditorio Rolli\u00e9 \u2013 Sede Central.<\/strong><\/p>\n<\/div>\n<\/div>\n<\/div>\n\n\n\n<div class=\"wp-block-columns is-layout-flex wp-container-core-columns-is-layout-28f84493 wp-block-columns-is-layout-flex\">\n<div class=\"wp-block-column is-layout-flow wp-block-column-is-layout-flow\">\n<div class=\"wp-block-group has-global-padding is-layout-constrained wp-block-group-is-layout-constrained\">\n<div class=\"wp-block-group has-global-padding is-layout-constrained wp-block-group-is-layout-constrained\">\n<p class=\"dia\"><strong>Jueves 12<\/strong><\/p>\n\n\n\n<p><strong>Clases de consulta para mesas de examen especiales de ingresantes.<\/strong><\/p>\n\n\n\n<p>Esta actividad es s\u00f3lo para aquellxs ingresantes que quieran rendir libre alguna de las materias del Ciclo de Formaci\u00f3n Musical B\u00e1sica).<\/p>\n\n\n\n<div class=\"wp-block-buttons alignwide is-content-justification-right is-layout-flex wp-container-core-buttons-is-layout-d445cf74 wp-block-buttons-is-layout-flex\">\n<div class=\"wp-block-button\"><a class=\"wp-block-button__link has-text-align-right wp-element-button\" href=\"https:\/\/www2.fba.unlp.edu.ar\/musica\/ingreso-2026\/\" target=\"_blank\" rel=\"noreferrer noopener\">M\u00e1s informaci\u00f3n<\/a><\/div>\n<\/div>\n<\/div>\n<\/div>\n<\/div>\n\n\n\n<div class=\"wp-block-column is-style-section-2 is-layout-flow wp-block-column-is-layout-flow\">\n<div class=\"wp-block-group has-global-padding is-layout-constrained wp-block-group-is-layout-constrained\">\n<div class=\"wp-block-group has-global-padding is-layout-constrained wp-block-group-is-layout-constrained\">\n<p class=\"dia\"><strong>Viernes 13<\/strong><\/p>\n\n\n\n<p><strong>Clases de consulta para mesas de examen especiales de ingresantes.<\/strong><\/p>\n\n\n\n<p>Esta actividad es s\u00f3lo para aquellxs ingresantes que quieran rendir libre alguna de las materias del Ciclo de Formaci\u00f3n Musical B\u00e1sica).<\/p>\n\n\n\n<div class=\"wp-block-buttons is-content-justification-right is-layout-flex wp-container-core-buttons-is-layout-d445cf74 wp-block-buttons-is-layout-flex\">\n<div class=\"wp-block-button\"><a class=\"wp-block-button__link wp-element-button\" href=\"https:\/\/www2.fba.unlp.edu.ar\/musica\/ingreso-2026\/\">M\u00e1s informaci\u00f3n<\/a><\/div>\n<\/div>\n\n\n\n<p><strong>Charla con el Centro de Estudiantes.<\/strong><\/p>\n\n\n\n<p>Para conocer a qu\u00e9 encuentro te corresponde ir ingres\u00e1 a:<\/p>\n\n\n\n<div class=\"wp-block-buttons is-content-justification-right is-layout-flex wp-container-core-buttons-is-layout-d445cf74 wp-block-buttons-is-layout-flex\">\n<div class=\"wp-block-button\"><a class=\"wp-block-button__link wp-element-button\" href=\"https:\/\/www2.fba.unlp.edu.ar\/ingreso\/centro-de-estudiantes\/\" target=\"_blank\" rel=\"noreferrer noopener\">Centro de Estudiantes<\/a><\/div>\n<\/div>\n<\/div>\n<\/div>\n<\/div>\n<\/div>\n\n\n\n<h3 class=\"semana\">Semana 2<\/h3>\n\n\n\n<div class=\"wp-block-columns is-layout-flex wp-container-core-columns-is-layout-28f84493 wp-block-columns-is-layout-flex\">\n<div class=\"wp-block-column is-layout-flow wp-block-column-is-layout-flow\">\n<div class=\"wp-block-group has-global-padding is-layout-constrained wp-block-group-is-layout-constrained\">\n<div class=\"wp-block-group has-global-padding is-layout-constrained wp-block-group-is-layout-constrained\">\n<p class=\"dia\"><strong>Mi\u00e9rcoles 18<\/strong><\/p>\n\n\n\n<h4 class=\"wp-block-heading\"><strong>10:00hs.<\/strong><\/h4>\n\n\n\n<p><strong>Presentaci\u00f3n de la Direcci\u00f3n de Ense\u00f1anza (Alumnos) y de la Biblioteca FDA.<\/strong><\/p>\n\n\n\n<p class=\"lugar\"><strong>Auditorio Gleyzer \u2013 Sede Fonseca.<\/strong><\/p>\n<\/div>\n\n\n\n<h4 class=\"wp-block-heading\"><strong>18:00hs.<\/strong><\/h4>\n<\/div>\n\n\n\n<div class=\"wp-block-group has-global-padding is-layout-constrained wp-block-group-is-layout-constrained\">\n<p><strong>Charla de la Secretar\u00eda de Bienestar Estudiantil de la UNLP.<\/strong><\/p>\n\n\n\n<p>Actividad optativa.<\/p>\n\n\n\n<p class=\"lugar\"><strong>Auditorio Gleyzer \u2013 Sede Fonseca.<\/strong><br><\/p>\n<\/div>\n\n\n\n<h4 class=\"wp-block-heading\"><strong>Todo el d\u00eda, hasta el 20\/02<\/strong><\/h4>\n\n\n\n<p><strong>Inscripci\u00f3n a la mesa de examen especial para ingresantes.<\/strong><\/p>\n\n\n\n<p>Se realizar\u00e1 por formulario digital disponible en el sitio del Departamento de M\u00fasica:<\/p>\n\n\n\n<div class=\"wp-block-buttons is-content-justification-right is-layout-flex wp-container-core-buttons-is-layout-d445cf74 wp-block-buttons-is-layout-flex\">\n<div class=\"wp-block-button\"><a class=\"wp-block-button__link wp-element-button\" href=\"https:\/\/www2.fba.unlp.edu.ar\/musica\/ingreso-2026\/\" target=\"_blank\" rel=\"noreferrer noopener\">Sitio del Dto. de M\u00fasica<\/a><\/div>\n<\/div>\n\n\n\n<p><strong>Cambio de Orientaci\u00f3n de carrera.<\/strong><\/p>\n\n\n\n<p>Se realizar\u00e1 por formulario digital disponible en el sitio del Departamento de M\u00fasica:<\/p>\n\n\n\n<div class=\"wp-block-buttons is-content-justification-right is-layout-flex wp-container-core-buttons-is-layout-d445cf74 wp-block-buttons-is-layout-flex\">\n<div class=\"wp-block-button\"><a class=\"wp-block-button__link wp-element-button\" href=\"https:\/\/www2.fba.unlp.edu.ar\/musica\/ingreso-2026\/\" target=\"_blank\" rel=\"noreferrer noopener\">Sitio del Dto. de M\u00fasica<\/a><\/div>\n<\/div>\n<\/div>\n\n\n\n<div class=\"wp-block-column is-style-section-3 is-layout-flow wp-block-column-is-layout-flow\">\n<div class=\"wp-block-group has-global-padding is-layout-constrained wp-block-group-is-layout-constrained\">\n<div class=\"wp-block-group has-global-padding is-layout-constrained wp-block-group-is-layout-constrained\">\n<p class=\"dia\"><strong>Jueves 19<\/strong><\/p>\n<\/div>\n<\/div>\n\n\n\n<p style=\"color: red;\"><strong>Actividades reprogramadas por Paro general.<\/strong><\/p>\n<\/div>\n\n\n\n<div class=\"wp-block-column is-layout-flow wp-block-column-is-layout-flow\">\n<div class=\"wp-block-group has-global-padding is-layout-constrained wp-block-group-is-layout-constrained\">\n<div class=\"wp-block-group has-global-padding is-layout-constrained wp-block-group-is-layout-constrained\">\n<p class=\"dia\"><strong>Viernes 20<\/strong><\/p>\n\n\n\n<h4 class=\"wp-block-heading\"><strong>10:00hs.<\/strong><\/h4>\n\n\n\n<p><strong>Presentaci\u00f3n de la coordinaci\u00f3n de Derechos Humanos, Direcci\u00f3n de Orientaci\u00f3n Educativa y Coordinaci\u00f3n de Pol\u00edticas de G\u00e9nero.<\/strong><\/p>\n<\/div>\n\n\n\n<p class=\"lugar\"><strong>Auditorio Peluso \u2013 Sede Fonseca.<\/strong><\/p>\n<\/div>\n<\/div>\n<\/div>\n\n\n\n<h3 class=\"semana\">Semana 3<\/h3>\n\n\n\n<div class=\"wp-block-columns is-layout-flex wp-container-core-columns-is-layout-28f84493 wp-block-columns-is-layout-flex\">\n<div class=\"wp-block-column is-style-section-3 is-layout-flow wp-block-column-is-layout-flow\">\n<div class=\"wp-block-group has-global-padding is-layout-constrained wp-block-group-is-layout-constrained\">\n<div class=\"wp-block-group has-global-padding is-layout-constrained wp-block-group-is-layout-constrained\">\n<p class=\"dia\"><strong>Martes 24<\/strong><\/p>\n\n\n\n<h4 class=\"wp-block-heading\"><strong>17:00hs.<\/strong><\/h4>\n\n\n\n<p><strong>Encuentro interdepartamental M\u00fasica y Artes Audiovisuales.<\/strong><\/p>\n\n\n\n<p class=\"lugar\"><strong>Auditorio Rolli\u00e9 &#8211; Sede Central.<\/strong><\/p>\n<\/div>\n<\/div>\n<\/div>\n\n\n\n<div class=\"wp-block-column is-layout-flow wp-block-column-is-layout-flow\">\n<div class=\"wp-block-group has-global-padding is-layout-constrained wp-block-group-is-layout-constrained\">\n<div class=\"wp-block-group has-global-padding is-layout-constrained wp-block-group-is-layout-constrained\">\n<p class=\"dia\"><strong>Mi\u00e9rcoles 25<\/strong><\/p>\n\n\n\n<h4 class=\"wp-block-heading\"><strong>18:00hs.<\/strong><\/h4>\n\n\n\n<p><strong>Concierto de Bienvenida.<\/strong><\/p>\n\n\n\n<p class=\"lugar\"><strong>Auditorio Rolli\u00e9 &#8211; Sede Central.<\/strong><\/p>\n\n\n\n<hr class=\"wp-block-separator has-alpha-channel-opacity\"\/>\n\n\n\n<figure class=\"wp-block-image size-full\"><img loading=\"lazy\" decoding=\"async\" width=\"498\" height=\"510\" src=\"https:\/\/e3.ar\/ifda\/wp-content\/uploads\/2025\/12\/musica-1.png\" alt=\"\" class=\"wp-image-276\" srcset=\"https:\/\/e3.ar\/ifda\/wp-content\/uploads\/2025\/12\/musica-1.png 498w, https:\/\/e3.ar\/ifda\/wp-content\/uploads\/2025\/12\/musica-1-293x300.png 293w\" sizes=\"auto, (max-width: 498px) 100vw, 498px\" \/><\/figure>\n<\/div>\n<\/div>\n<\/div>\n\n\n\n<div class=\"wp-block-column is-layout-flow wp-block-column-is-layout-flow\">\n<div class=\"wp-block-group has-global-padding is-layout-constrained wp-block-group-is-layout-constrained\">\n<div class=\"wp-block-group has-global-padding is-layout-constrained wp-block-group-is-layout-constrained\">\n<p class=\"dia\"><strong>Viernes 27<\/strong><\/p>\n\n\n\n<h4 class=\"wp-block-heading\"><strong>A confirmar.<\/strong><\/h4>\n\n\n\n<p><strong>Taller Cartograf\u00edas de la Memoria.<\/strong><\/p>\n\n\n\n<p>Organiza Direcci\u00f3n de Derechos Humanos.<\/p>\n\n\n\n<p class=\"lugar\"><strong>Aula 104 &#8211; Sede Fonseca.<\/strong><\/p>\n\n\n\n<p>Actividad optativa con registro previo:<\/p>\n\n\n\n<div class=\"wp-block-buttons is-content-justification-right is-layout-flex wp-container-core-buttons-is-layout-d445cf74 wp-block-buttons-is-layout-flex\">\n<div class=\"wp-block-button\"><a class=\"wp-block-button__link wp-element-button\" href=\"https:\/\/docs.google.com\/forms\/d\/1oM2IVrhsRVPUaYKXhC9cFA7ThfUINUptdgVJCkGZc34\/viewform?edit_requested=true\" target=\"_blank\" rel=\"noreferrer noopener\">Inscripci\u00f3n<\/a><\/div>\n<\/div>\n<\/div>\n<\/div>\n<\/div>\n<\/div>\n<\/div>\n","protected":false},"excerpt":{"rendered":"<p>Lunes 9 de febrero 09:00hs. Bienvenida Departamental a cargo de la directora Prof. Matilde Alvides. Apellidos desde la A hasta la K. Auditorio Rolli\u00e9 &#8211; Sede Central. 12:00hs. Encuentro con la Secretar\u00eda de Asuntos Estudiantiles (SAE) a cargo del secretario Prof. Lautaro Zugbi. Apellidos desde la A hasta la K. Auditorio Peluso \u2013 Sede Fonseca. [&hellip;]<\/p>\n","protected":false},"author":1,"featured_media":0,"parent":0,"menu_order":0,"comment_status":"closed","ping_status":"closed","template":"","meta":{"footnotes":""},"class_list":["post-29","page","type-page","status-publish","hentry"],"_links":{"self":[{"href":"https:\/\/e3.ar\/ifda\/wp-json\/wp\/v2\/pages\/29","targetHints":{"allow":["GET"]}}],"collection":[{"href":"https:\/\/e3.ar\/ifda\/wp-json\/wp\/v2\/pages"}],"about":[{"href":"https:\/\/e3.ar\/ifda\/wp-json\/wp\/v2\/types\/page"}],"author":[{"embeddable":true,"href":"https:\/\/e3.ar\/ifda\/wp-json\/wp\/v2\/users\/1"}],"replies":[{"embeddable":true,"href":"https:\/\/e3.ar\/ifda\/wp-json\/wp\/v2\/comments?post=29"}],"version-history":[{"count":50,"href":"https:\/\/e3.ar\/ifda\/wp-json\/wp\/v2\/pages\/29\/revisions"}],"predecessor-version":[{"id":440,"href":"https:\/\/e3.ar\/ifda\/wp-json\/wp\/v2\/pages\/29\/revisions\/440"}],"wp:attachment":[{"href":"https:\/\/e3.ar\/ifda\/wp-json\/wp\/v2\/media?parent=29"}],"curies":[{"name":"wp","href":"https:\/\/api.w.org\/{rel}","templated":true}]}}