{"id":48,"date":"2025-12-04T05:40:08","date_gmt":"2025-12-04T05:40:08","guid":{"rendered":"https:\/\/e3.ar\/ifda\/?page_id=48"},"modified":"2026-02-25T16:33:37","modified_gmt":"2026-02-25T16:33:37","slug":"48-2","status":"publish","type":"page","link":"https:\/\/e3.ar\/ifda\/","title":{"rendered":"Actividades por Departamento"},"content":{"rendered":"\n<p>Seleccion\u00e1 tu carrera y enterate de todas las actividades del ingreso.<\/p>\n\n\n\n<p style=\"color: red;\"><strong>\u00a1IMPORTANTE! <\/strong>Debido al paro docente contra la Reforma Laboral anunciado para el viernes 27, se modificaron actividades.<\/p>\n<p><mark>ATENCI\u00d3N: se adelantaron actividades para el jueves 26.<\/mark><\/p>\n<p><strong>La presentaci\u00f3n institucional de las Secretar\u00edas de Ciencia y T\u00e9cnica y de Extensi\u00f3n se realizar\u00e1 en formato audiovisual y estar\u00e1 disponible pr\u00f3ximamente en el canal oficial de <a href=\"https:\/\/www.youtube.com\/c\/FacultaddeArtesUNLP\" target=\"blank\">YouTube de FdA<\/a><\/strong><\/p>\n\n\n\n<hr class=\"wp-block-separator has-alpha-channel-opacity\"\/>\n\n\n\n<div class=\"wp-block-buttons is-content-justification-center is-layout-flex wp-container-core-buttons-is-layout-a89b3969 wp-block-buttons-is-layout-flex\">\n<div class=\"wp-block-button\"><a class=\"wp-block-button__link wp-element-button\" href=\"https:\/\/e3.ar\/ifda\/artes-audiovisuales\/\">Artes Audiovisuales<\/a><\/div>\n\n\n\n<div class=\"wp-block-button\"><a class=\"wp-block-button__link wp-element-button\" href=\"https:\/\/e3.ar\/ifda\/artes-plasticas-y-fotografia\/\">Artes Pl\u00e1sticas y Fotograf\u00eda<\/a><\/div>\n\n\n\n<div class=\"wp-block-button\"><a class=\"wp-block-button__link wp-element-button\" href=\"https:\/\/e3.ar\/ifda\/diseno-en-comunicacion-visual\/\">Dise\u00f1o en Comunicaci\u00f3n Visual<\/a><\/div>\n\n\n\n<div class=\"wp-block-button\"><a class=\"wp-block-button__link wp-element-button\" href=\"https:\/\/e3.ar\/ifda\/diseno-industrial\/\">Dise\u00f1o Industrial<\/a><\/div>\n\n\n\n<div class=\"wp-block-button\"><a class=\"wp-block-button__link wp-element-button\" href=\"https:\/\/e3.ar\/ifda\/diseno-multimedial\/\">Dise\u00f1o Multimedial<\/a><\/div>\n\n\n\n<div class=\"wp-block-button\"><a class=\"wp-block-button__link wp-element-button\" href=\"https:\/\/e3.ar\/ifda\/historia-de-las-artes\/\">Historia de las Artes<\/a><\/div>\n\n\n\n<div class=\"wp-block-button\"><a class=\"wp-block-button__link wp-element-button\" href=\"https:\/\/e3.ar\/ifda\/musica\/\">M\u00fasica<\/a><\/div>\n\n\n\n<div class=\"wp-block-button\"><a class=\"wp-block-button__link wp-element-button\" href=\"https:\/\/e3.ar\/ifda\/sonido\/\">Sonido<\/a><\/div>\n<\/div>\n\n\n\n<hr class=\"wp-block-separator has-alpha-channel-opacity\"\/>\n","protected":false},"excerpt":{"rendered":"<p>Seleccion\u00e1 tu carrera y enterate de todas las actividades del ingreso. \u00a1IMPORTANTE! Debido al paro docente contra la Reforma Laboral anunciado para el viernes 27, se modificaron actividades. ATENCI\u00d3N: se adelantaron actividades para el jueves 26. La presentaci\u00f3n institucional de las Secretar\u00edas de Ciencia y T\u00e9cnica y de Extensi\u00f3n se realizar\u00e1 en formato audiovisual y [&hellip;]<\/p>\n","protected":false},"author":1,"featured_media":0,"parent":0,"menu_order":0,"comment_status":"closed","ping_status":"closed","template":"","meta":{"footnotes":""},"class_list":["post-48","page","type-page","status-publish","hentry"],"_links":{"self":[{"href":"https:\/\/e3.ar\/ifda\/wp-json\/wp\/v2\/pages\/48","targetHints":{"allow":["GET"]}}],"collection":[{"href":"https:\/\/e3.ar\/ifda\/wp-json\/wp\/v2\/pages"}],"about":[{"href":"https:\/\/e3.ar\/ifda\/wp-json\/wp\/v2\/types\/page"}],"author":[{"embeddable":true,"href":"https:\/\/e3.ar\/ifda\/wp-json\/wp\/v2\/users\/1"}],"replies":[{"embeddable":true,"href":"https:\/\/e3.ar\/ifda\/wp-json\/wp\/v2\/comments?post=48"}],"version-history":[{"count":19,"href":"https:\/\/e3.ar\/ifda\/wp-json\/wp\/v2\/pages\/48\/revisions"}],"predecessor-version":[{"id":457,"href":"https:\/\/e3.ar\/ifda\/wp-json\/wp\/v2\/pages\/48\/revisions\/457"}],"wp:attachment":[{"href":"https:\/\/e3.ar\/ifda\/wp-json\/wp\/v2\/media?parent=48"}],"curies":[{"name":"wp","href":"https:\/\/api.w.org\/{rel}","templated":true}]}}